{"id":115,"date":"2024-05-16T16:57:26","date_gmt":"2024-05-16T16:57:26","guid":{"rendered":"https:\/\/filestorepremium.net\/?page_id=115"},"modified":"2024-05-17T21:13:08","modified_gmt":"2024-05-17T21:13:08","slug":"news","status":"publish","type":"page","link":"https:\/\/filestorepremium.net\/no\/news\/","title":{"rendered":"News"},"content":{"rendered":"<p>Flash sale for 48 hours on Filestore! Up to 30% off on all our premium packages, for new and existing members. Purchase as many times as you want and extend your premium account! <a href=\"https:\/\/filestore.me\/?op=payments\" target=\"_new\" rel=\"noreferrer noopener\">https:\/\/filestore.me\/?op=payments<\/a> Get it now before it's too late!<\/p>\n<p>Your Filestore Team<\/p>\n","protected":false},"excerpt":{"rendered":"<p>48-timers lynsalg p\u00e5 Filestore! Opptil 30 % rabatt p\u00e5 alle v\u00e5re premium-pakker, for nye og eksisterende medlemmer, kj\u00f8p s\u00e5 mange ganger du vil og utvid premiumkontoen din! F\u00e5 det n\u00e5 f\u00f8r det er for sent! Ditt Filestore-team<\/p>\n","protected":false},"author":1,"featured_media":0,"parent":0,"menu_order":0,"comment_status":"closed","ping_status":"closed","template":"full-width-page.php","meta":{"footnotes":""},"class_list":["post-115","page","type-page","status-publish","hentry"],"_links":{"self":[{"href":"https:\/\/filestorepremium.net\/no\/wp-json\/wp\/v2\/pages\/115","targetHints":{"allow":["GET"]}}],"collection":[{"href":"https:\/\/filestorepremium.net\/no\/wp-json\/wp\/v2\/pages"}],"about":[{"href":"https:\/\/filestorepremium.net\/no\/wp-json\/wp\/v2\/types\/page"}],"author":[{"embeddable":true,"href":"https:\/\/filestorepremium.net\/no\/wp-json\/wp\/v2\/users\/1"}],"replies":[{"embeddable":true,"href":"https:\/\/filestorepremium.net\/no\/wp-json\/wp\/v2\/comments?post=115"}],"version-history":[{"count":2,"href":"https:\/\/filestorepremium.net\/no\/wp-json\/wp\/v2\/pages\/115\/revisions"}],"predecessor-version":[{"id":118,"href":"https:\/\/filestorepremium.net\/no\/wp-json\/wp\/v2\/pages\/115\/revisions\/118"}],"wp:attachment":[{"href":"https:\/\/filestorepremium.net\/no\/wp-json\/wp\/v2\/media?parent=115"}],"curies":[{"name":"wp","href":"https:\/\/api.w.org\/{rel}","templated":true}]}}