{"id":145,"date":"2025-03-28T23:06:46","date_gmt":"2025-03-28T23:06:46","guid":{"rendered":"https:\/\/filestorepremium.net\/?page_id=145"},"modified":"2025-03-28T23:11:45","modified_gmt":"2025-03-28T23:11:45","slug":"terms-and-conditions","status":"publish","type":"page","link":"https:\/\/filestorepremium.net\/pl\/terms-and-conditions\/","title":{"rendered":"Warunki korzystania"},"content":{"rendered":"<p><strong>Terms and Conditions for filestorepremium.net<\/strong><\/p>\n<p>Welcome to filestorepremium.net. This website provides information about services offered by filestore. Please read these Terms and Conditions carefully.<br \/>\nPurpose: filestorepremium.net does not sell or provide services directly. We only offer information about filestore\u2019s services for informational purposes.<\/p>\n<p>No Liability: We strive to provide accurate details, but we are not responsible for errors, omissions, or changes in filestore\u2019s offerings.<\/p>\n<p>Third-Party Services: Any services mentioned are provided by filestore, not us. Refer to filestore\u2019s official site for full terms and conditions.<\/p>\n<p>Usage: By using this site, you agree to use it solely for personal, non-commercial purposes.<\/p>\n<p>Changes: We may update these terms at any time without notice. Check back periodically for updates.<br \/>\nFor questions, contact us via our website.<\/p>\n<p>Last updated: March 28, 2025.<\/p>\n","protected":false},"excerpt":{"rendered":"<p>Warunki korzystania z filestorepremium.net Witamy na filestorepremium.net. Ta strona dostarcza informacji o us\u0142ugach oferowanych przez filestore. Prosimy o uwa\u017cne przeczytanie tych Warunk\u00f3w. Cel: filestorepremium.net nie sprzedaje ani nie oferuje us\u0142ug bezpo\u015brednio. Podajemy jedynie informacje o us\u0142ugach filestore. Brak odpowiedzialno\u015bci: Staramy &hellip;<\/p>\n<p class=\"read-more\"> <a class=\"more-link\" href=\"https:\/\/filestorepremium.net\/pl\/terms-and-conditions\/\"> <span class=\"screen-reader-text\">Warunki korzystania<\/span> Czytaj wi\u0119cej  &raquo;<\/a><\/p>\n","protected":false},"author":1,"featured_media":0,"parent":0,"menu_order":0,"comment_status":"closed","ping_status":"closed","template":"full-width-page.php","meta":{"footnotes":""},"class_list":["post-145","page","type-page","status-publish","hentry"],"_links":{"self":[{"href":"https:\/\/filestorepremium.net\/pl\/wp-json\/wp\/v2\/pages\/145","targetHints":{"allow":["GET"]}}],"collection":[{"href":"https:\/\/filestorepremium.net\/pl\/wp-json\/wp\/v2\/pages"}],"about":[{"href":"https:\/\/filestorepremium.net\/pl\/wp-json\/wp\/v2\/types\/page"}],"author":[{"embeddable":true,"href":"https:\/\/filestorepremium.net\/pl\/wp-json\/wp\/v2\/users\/1"}],"replies":[{"embeddable":true,"href":"https:\/\/filestorepremium.net\/pl\/wp-json\/wp\/v2\/comments?post=145"}],"version-history":[{"count":2,"href":"https:\/\/filestorepremium.net\/pl\/wp-json\/wp\/v2\/pages\/145\/revisions"}],"predecessor-version":[{"id":147,"href":"https:\/\/filestorepremium.net\/pl\/wp-json\/wp\/v2\/pages\/145\/revisions\/147"}],"wp:attachment":[{"href":"https:\/\/filestorepremium.net\/pl\/wp-json\/wp\/v2\/media?parent=145"}],"curies":[{"name":"wp","href":"https:\/\/api.w.org\/{rel}","templated":true}]}}